{"id":343,"date":"2020-11-09T17:23:07","date_gmt":"2020-11-09T15:23:07","guid":{"rendered":"http:\/\/www.pyhakirnu.fi\/uudet\/en\/?page_id=343"},"modified":"2020-12-29T14:10:23","modified_gmt":"2020-12-29T12:10:23","slug":"contact","status":"publish","type":"page","link":"http:\/\/pyhakirnu.fi\/en\/contact\/","title":{"rendered":"Contact Us"},"content":{"rendered":"<noscript class=\"ninja-forms-noscript-message\">\n\tHuomautus: JavaScript vaaditaan t\u00e4t\u00e4 sis\u00e4lt\u00f6\u00e4 varten.<\/noscript>\n<div id=\"nf-form-3-cont\" class=\"nf-form-cont\" aria-live=\"polite\" aria-labelledby=\"nf-form-title-3\" aria-describedby=\"nf-form-errors-3\" role=\"form\">\n\n    <div class=\"nf-loading-spinner\"><\/div>\n\n<\/div>\n        <!-- That data is being printed as a workaround to page builders reordering the order of the scripts loaded-->\n        <script>var formDisplay=1;var nfForms=nfForms||[];var form=[];form.id='3';form.settings={\"objectType\":\"Form Setting\",\"editActive\":true,\"title\":\"Contact Us\",\"created_at\":\"2020-12-29 14:10:03\",\"default_label_pos\":\"above\",\"show_title\":\"0\",\"clear_complete\":\"1\",\"hide_complete\":\"0\",\"logged_in\":\"0\",\"key\":\"\",\"currency\":\"usd\",\"wrapper_class\":\"\",\"element_class\":\"\",\"add_submit\":\"0\",\"not_logged_in_msg\":\"\",\"sub_limit_number\":\"\",\"sub_limit_msg\":\"\",\"fieldContentsData\":\"\",\"changeEmailErrorMsg\":\"Anna voimassa oleva s\\u00e4hk\\u00f6postiosoite!\",\"changeDateErrorMsg\":\"Please enter a valid date!\",\"confirmFieldErrorMsg\":\"N\\u00e4iden kenttien on t\\u00e4sm\\u00e4tt\\u00e4v\\u00e4!\",\"fieldNumberNumMinError\":\"Numero minimi virhe\",\"fieldNumberNumMaxError\":\"Numero maksimi virhe\",\"fieldNumberIncrementBy\":\"Lis\\u00e4\\u00e4 m\\u00e4\\u00e4r\\u00e4ll\\u00e4 \",\"formErrorsCorrectErrors\":\"Korjaa virheet, ennen kuin l\\u00e4het\\u00e4t t\\u00e4m\\u00e4n lomakkeen.\",\"validateRequiredField\":\"T\\u00e4m\\u00e4 on pakollinen kentt\\u00e4.\",\"honeypotHoneypotError\":\"Honeypot-virhe\",\"fieldsMarkedRequired\":\"T\\u00e4hdell\\u00e4 <span class=\\\"ninja-forms-req-symbol\\\">*<\\\/span> merkityt kent\\u00e4t ovat pakollisia\",\"unique_field_error\":\"A form with this value has already been submitted.\",\"calculations\":[],\"formContentData\":[\"inquiry_1609242678634\",\"name_1609242740172\",\"phone_1609242745835\",\"email_1609242751508\",\"street_address_1609242776253\",\"zip_code_and_city_1609242791305\",\"contact_me_by_1609242802672\",\"varauksen_ajankohta_1606217578716\",\"starts_1609242826529\",\"ends_1609242831109\",\"message_1609242849120\",\"send_1609243889286\"],\"drawerDisabled\":false,\"allow_public_link\":0,\"embed_form\":\"\",\"form_title_heading_level\":\"3\",\"ninjaForms\":\"Ninja-lomakkeet\",\"fieldTextareaRTEInsertLink\":\"Lis\\u00e4\\u00e4 linkki\",\"fieldTextareaRTEInsertMedia\":\"Lis\\u00e4\\u00e4 media\",\"fieldTextareaRTESelectAFile\":\"Valitse tiedosto\",\"formHoneypot\":\"Jos n\\u00e4et t\\u00e4m\\u00e4n kent\\u00e4n, j\\u00e4t\\u00e4 se tyhj\\u00e4ksi.\",\"fileUploadOldCodeFileUploadInProgress\":\"Tiedoston l\\u00e4hett\\u00e4minen menossa.\",\"fileUploadOldCodeFileUpload\":\"TIEDOSTON L\\u00c4HETT\\u00c4MINEN\",\"currencySymbol\":\"&#36;\",\"thousands_sep\":\"&nbsp;\",\"decimal_point\":\",\",\"siteLocale\":\"fi\",\"dateFormat\":\"m\\\/d\\\/Y\",\"startOfWeek\":\"1\",\"of\":\" \\\/ \",\"previousMonth\":\"Previous Month\",\"nextMonth\":\"Next Month\",\"months\":[\"January\",\"February\",\"March\",\"April\",\"May\",\"June\",\"July\",\"August\",\"September\",\"October\",\"November\",\"December\"],\"monthsShort\":[\"Jan\",\"Feb\",\"Mar\",\"Apr\",\"May\",\"Jun\",\"Jul\",\"Aug\",\"Sep\",\"Oct\",\"Nov\",\"Dec\"],\"weekdays\":[\"Sunday\",\"Monday\",\"Tuesday\",\"Wednesday\",\"Thursday\",\"Friday\",\"Saturday\"],\"weekdaysShort\":[\"Sun\",\"Mon\",\"Tue\",\"Wed\",\"Thu\",\"Fri\",\"Sat\"],\"weekdaysMin\":[\"Su\",\"Mo\",\"Tu\",\"We\",\"Th\",\"Fr\",\"Sa\"],\"recaptchaConsentMissing\":\"reCaptcha validation couldn&#039;t load.\",\"recaptchaMissingCookie\":\"reCaptcha v3 validation couldn&#039;t load the cookie needed to submit the form.\",\"recaptchaConsentEvent\":\"Accept reCaptcha cookies before sending the form.\",\"currency_symbol\":\"\",\"beforeForm\":\"\",\"beforeFields\":\"\",\"afterFields\":\"\",\"afterForm\":\"\"};form.fields=[{\"objectType\":\"Field\",\"objectDomain\":\"fields\",\"editActive\":false,\"order\":1,\"idAttribute\":\"id\",\"label\":\"Inquiry\",\"key\":\"inquiry_1609242678634\",\"type\":\"listradio\",\"created_at\":\"2016-04-18 14:54:49\",\"label_pos\":\"above\",\"required\":1,\"options\":[{\"errors\":[],\"max_options\":0,\"label\":\"Feedback\",\"value\":\"feedback\",\"calc\":\"\",\"selected\":\"0\",\"order\":\"0\",\"settingModel\":{\"settings\":false,\"hide_merge_tags\":false,\"error\":false,\"name\":\"options\",\"type\":\"option-repeater\",\"label\":\"Valinnat <a href=\\\"#\\\" class=\\\"nf-add-new\\\">Lis\\u00e4\\u00e4 uusi<\\\/a> <a href=\\\"#\\\" class=\\\"extra nf-open-import-tooltip\\\"><i class=\\\"fa fa-sign-in\\\" aria-hidden=\\\"true\\\"><\\\/i> Tuo<\\\/a>\",\"width\":\"full\",\"group\":\"\",\"value\":[{\"label\":\"Yksi\",\"value\":\"yksi\",\"calc\":\"\",\"selected\":0,\"order\":0},{\"label\":\"Kaksi\",\"value\":\"kaksi\",\"calc\":\"\",\"selected\":0,\"order\":1},{\"label\":\"Kolme\",\"value\":\"kolme\",\"calc\":\"\",\"selected\":0,\"order\":2}],\"columns\":{\"label\":{\"header\":\"Tunnus\",\"default\":\"\"},\"value\":{\"header\":\"Arvo\",\"default\":\"\"},\"calc\":{\"header\":\"Laskenta-arvo\",\"default\":\"\"},\"selected\":{\"header\":\"<span class=\\\"dashicons dashicons-yes\\\"><\\\/span>\",\"default\":0}}}},{\"errors\":[],\"max_options\":0,\"label\":\"Question \\\/ Request for offer\",\"value\":\"question-request-for-offer\",\"calc\":\"\",\"selected\":\"0\",\"order\":\"1\",\"settingModel\":{\"settings\":false,\"hide_merge_tags\":false,\"error\":false,\"name\":\"options\",\"type\":\"option-repeater\",\"label\":\"Valinnat <a href=\\\"#\\\" class=\\\"nf-add-new\\\">Lis\\u00e4\\u00e4 uusi<\\\/a> <a href=\\\"#\\\" class=\\\"extra nf-open-import-tooltip\\\"><i class=\\\"fa fa-sign-in\\\" aria-hidden=\\\"true\\\"><\\\/i> Tuo<\\\/a>\",\"width\":\"full\",\"group\":\"\",\"value\":[{\"label\":\"Yksi\",\"value\":\"yksi\",\"calc\":\"\",\"selected\":0,\"order\":0},{\"label\":\"Kaksi\",\"value\":\"kaksi\",\"calc\":\"\",\"selected\":0,\"order\":1},{\"label\":\"Kolme\",\"value\":\"kolme\",\"calc\":\"\",\"selected\":0,\"order\":2}],\"columns\":{\"label\":{\"header\":\"Tunnus\",\"default\":\"\"},\"value\":{\"header\":\"Arvo\",\"default\":\"\"},\"calc\":{\"header\":\"Laskenta-arvo\",\"default\":\"\"},\"selected\":{\"header\":\"<span class=\\\"dashicons dashicons-yes\\\"><\\\/span>\",\"default\":0}}}},{\"errors\":[],\"max_options\":0,\"label\":\"Reservation\",\"value\":\"reservation\",\"calc\":\"\",\"selected\":\"0\",\"order\":\"2\",\"settingModel\":{\"settings\":false,\"hide_merge_tags\":false,\"error\":false,\"name\":\"options\",\"type\":\"option-repeater\",\"label\":\"Valinnat <a href=\\\"#\\\" class=\\\"nf-add-new\\\">Lis\\u00e4\\u00e4 uusi<\\\/a> <a href=\\\"#\\\" class=\\\"extra nf-open-import-tooltip\\\"><i class=\\\"fa fa-sign-in\\\" aria-hidden=\\\"true\\\"><\\\/i> Tuo<\\\/a>\",\"width\":\"full\",\"group\":\"\",\"value\":[{\"label\":\"Yksi\",\"value\":\"yksi\",\"calc\":\"\",\"selected\":0,\"order\":0},{\"label\":\"Kaksi\",\"value\":\"kaksi\",\"calc\":\"\",\"selected\":0,\"order\":1},{\"label\":\"Kolme\",\"value\":\"kolme\",\"calc\":\"\",\"selected\":0,\"order\":2}],\"columns\":{\"label\":{\"header\":\"Tunnus\",\"default\":\"\"},\"value\":{\"header\":\"Arvo\",\"default\":\"\"},\"calc\":{\"header\":\"Laskenta-arvo\",\"default\":\"\"},\"selected\":{\"header\":\"<span class=\\\"dashicons dashicons-yes\\\"><\\\/span>\",\"default\":0}}}}],\"container_class\":\"one-half first\",\"element_class\":\"\",\"admin_label\":\"\",\"help_text\":\"\",\"desc_text\":\"\",\"desc_pos\":\"\",\"field_label\":\"Inquiry\",\"field_key\":\"inquiry_1609242678634\",\"drawerDisabled\":\"\",\"id\":29,\"beforeField\":\"\",\"afterField\":\"\",\"value\":\"\",\"parentType\":\"list\",\"element_templates\":[\"listradio\",\"input\"],\"old_classname\":\"list-radio\",\"wrap_template\":\"wrap\"},{\"objectType\":\"Field\",\"objectDomain\":\"fields\",\"editActive\":false,\"order\":3,\"idAttribute\":\"id\",\"type\":\"textbox\",\"label\":\"Name\",\"key\":\"name_1609242740172\",\"label_pos\":\"above\",\"required\":0,\"default\":\"\",\"placeholder\":\"\",\"container_class\":\"\",\"element_class\":\"\",\"input_limit\":\"\",\"input_limit_type\":\"characters\",\"input_limit_msg\":\"Merkkej\\u00e4 j\\u00e4ljell\\u00e4\",\"manual_key\":\"\",\"admin_label\":\"\",\"help_text\":\"\",\"mask\":\"\",\"custom_mask\":\"\",\"custom_name_attribute\":\"\",\"personally_identifiable\":\"\",\"value\":\"\",\"field_label\":\"Name\",\"field_key\":\"name_1609242740172\",\"id\":40,\"beforeField\":\"\",\"afterField\":\"\",\"parentType\":\"textbox\",\"element_templates\":[\"textbox\",\"input\"],\"old_classname\":\"\",\"wrap_template\":\"wrap\"},{\"objectType\":\"Field\",\"objectDomain\":\"fields\",\"editActive\":false,\"order\":4,\"idAttribute\":\"id\",\"label\":\"Phone\",\"key\":\"phone_1609242745835\",\"type\":\"firstname\",\"created_at\":\"2016-04-18 14:54:50\",\"label_pos\":\"above\",\"required\":0,\"default\":\"\",\"placeholder\":\"\",\"container_class\":\"one-half first\",\"element_class\":\"\",\"admin_label\":\"\",\"help_text\":\"\",\"desc_text\":\"\",\"desc_pos\":\"\",\"field_label\":\"Phone\",\"field_key\":\"phone_1609242745835\",\"custom_name_attribute\":\"fname\",\"personally_identifiable\":1,\"value\":\"\",\"drawerDisabled\":\"\",\"id\":34,\"beforeField\":\"\",\"afterField\":\"\",\"parentType\":\"firstname\",\"element_templates\":[\"firstname\",\"input\"],\"old_classname\":\"\",\"wrap_template\":\"wrap\"},{\"objectType\":\"Field\",\"objectDomain\":\"fields\",\"editActive\":false,\"order\":5,\"idAttribute\":\"id\",\"label\":\"Email\",\"key\":\"email_1609242751508\",\"type\":\"firstname\",\"created_at\":\"2016-04-18 14:54:50\",\"label_pos\":\"above\",\"required\":1,\"default\":\"\",\"placeholder\":\"\",\"container_class\":\"one-half first\",\"element_class\":\"\",\"admin_label\":\"\",\"help_text\":\"\",\"desc_text\":\"\",\"desc_pos\":\"\",\"field_label\":\"Email\",\"field_key\":\"email_1609242751508\",\"custom_name_attribute\":\"fname\",\"personally_identifiable\":1,\"value\":\"\",\"drawerDisabled\":\"\",\"id\":35,\"beforeField\":\"\",\"afterField\":\"\",\"parentType\":\"firstname\",\"element_templates\":[\"firstname\",\"input\"],\"old_classname\":\"\",\"wrap_template\":\"wrap\"},{\"objectType\":\"Field\",\"objectDomain\":\"fields\",\"editActive\":false,\"order\":6,\"idAttribute\":\"id\",\"label\":\"Street address\",\"key\":\"street_address_1609242776253\",\"type\":\"firstname\",\"created_at\":\"2016-04-18 14:54:50\",\"label_pos\":\"above\",\"required\":0,\"default\":\"\",\"placeholder\":\"\",\"container_class\":\"one-half first\",\"element_class\":\"\",\"admin_label\":\"\",\"help_text\":\"\",\"desc_text\":\"\",\"desc_pos\":\"\",\"field_label\":\"Street address\",\"field_key\":\"street_address_1609242776253\",\"custom_name_attribute\":\"fname\",\"personally_identifiable\":1,\"value\":\"\",\"drawerDisabled\":\"\",\"id\":36,\"beforeField\":\"\",\"afterField\":\"\",\"parentType\":\"firstname\",\"element_templates\":[\"firstname\",\"input\"],\"old_classname\":\"\",\"wrap_template\":\"wrap\"},{\"objectType\":\"Field\",\"objectDomain\":\"fields\",\"editActive\":false,\"order\":7,\"idAttribute\":\"id\",\"label\":\"Zip code and City\",\"key\":\"zip_code_and_city_1609242791305\",\"type\":\"firstname\",\"created_at\":\"2016-04-18 14:54:50\",\"label_pos\":\"above\",\"required\":0,\"default\":\"\",\"placeholder\":\"\",\"container_class\":\"one-half first\",\"element_class\":\"\",\"admin_label\":\"\",\"help_text\":\"\",\"desc_text\":\"\",\"desc_pos\":\"\",\"field_label\":\"Zip code and City\",\"field_key\":\"zip_code_and_city_1609242791305\",\"custom_name_attribute\":\"fname\",\"personally_identifiable\":1,\"value\":\"\",\"drawerDisabled\":\"\",\"id\":37,\"beforeField\":\"\",\"afterField\":\"\",\"parentType\":\"firstname\",\"element_templates\":[\"firstname\",\"input\"],\"old_classname\":\"\",\"wrap_template\":\"wrap\"},{\"objectType\":\"Field\",\"objectDomain\":\"fields\",\"editActive\":false,\"order\":8,\"idAttribute\":\"id\",\"type\":\"listradio\",\"label\":\"Contact me by\",\"key\":\"contact_me_by_1609242802672\",\"label_pos\":\"above\",\"required\":1,\"options\":[{\"errors\":[],\"max_options\":0,\"label\":\"Phone\",\"value\":\"phone\",\"calc\":\"\",\"selected\":0,\"order\":0,\"settingModel\":{\"settings\":false,\"hide_merge_tags\":false,\"error\":false,\"name\":\"options\",\"type\":\"option-repeater\",\"label\":\"Valinnat <a href=\\\"#\\\" class=\\\"nf-add-new\\\">Lis\\u00e4\\u00e4 uusi<\\\/a> <a href=\\\"#\\\" class=\\\"extra nf-open-import-tooltip\\\"><i class=\\\"fa fa-sign-in\\\" aria-hidden=\\\"true\\\"><\\\/i> Tuo<\\\/a>\",\"width\":\"full\",\"group\":\"\",\"value\":[{\"label\":\"Yksi\",\"value\":\"yksi\",\"calc\":\"\",\"selected\":0,\"order\":0},{\"label\":\"Kaksi\",\"value\":\"kaksi\",\"calc\":\"\",\"selected\":0,\"order\":1},{\"label\":\"Kolme\",\"value\":\"kolme\",\"calc\":\"\",\"selected\":0,\"order\":2}],\"columns\":{\"label\":{\"header\":\"Tunnus\",\"default\":\"\"},\"value\":{\"header\":\"Arvo\",\"default\":\"\"},\"calc\":{\"header\":\"Laskenta-arvo\",\"default\":\"\"},\"selected\":{\"header\":\"<span class=\\\"dashicons dashicons-yes\\\"><\\\/span>\",\"default\":0}}}},{\"errors\":[],\"max_options\":0,\"label\":\"Email\",\"value\":\"email\",\"calc\":\"\",\"selected\":0,\"order\":1,\"settingModel\":{\"settings\":false,\"hide_merge_tags\":false,\"error\":false,\"name\":\"options\",\"type\":\"option-repeater\",\"label\":\"Valinnat <a href=\\\"#\\\" class=\\\"nf-add-new\\\">Lis\\u00e4\\u00e4 uusi<\\\/a> <a href=\\\"#\\\" class=\\\"extra nf-open-import-tooltip\\\"><i class=\\\"fa fa-sign-in\\\" aria-hidden=\\\"true\\\"><\\\/i> Tuo<\\\/a>\",\"width\":\"full\",\"group\":\"\",\"value\":[{\"label\":\"Yksi\",\"value\":\"yksi\",\"calc\":\"\",\"selected\":0,\"order\":0},{\"label\":\"Kaksi\",\"value\":\"kaksi\",\"calc\":\"\",\"selected\":0,\"order\":1},{\"label\":\"Kolme\",\"value\":\"kolme\",\"calc\":\"\",\"selected\":0,\"order\":2}],\"columns\":{\"label\":{\"header\":\"Tunnus\",\"default\":\"\"},\"value\":{\"header\":\"Arvo\",\"default\":\"\"},\"calc\":{\"header\":\"Laskenta-arvo\",\"default\":\"\"},\"selected\":{\"header\":\"<span class=\\\"dashicons dashicons-yes\\\"><\\\/span>\",\"default\":0}}}}],\"container_class\":\"\",\"element_class\":\"\",\"admin_label\":\"\",\"help_text\":\"\",\"drawerDisabled\":\"\",\"field_label\":\"Contact me by\",\"field_key\":\"contact_me_by_1609242802672\",\"id\":38,\"beforeField\":\"\",\"afterField\":\"\",\"value\":\"\",\"parentType\":\"list\",\"element_templates\":[\"listradio\",\"input\"],\"old_classname\":\"list-radio\",\"wrap_template\":\"wrap\"},{\"objectType\":\"Field\",\"objectDomain\":\"fields\",\"editActive\":false,\"order\":9,\"idAttribute\":\"id\",\"label\":\"Varauksen ajankohta\",\"key\":\"varauksen_ajankohta_1606217578716\",\"type\":\"html\",\"created_at\":\"2016-04-18 14:54:50\",\"default\":\"<h4><span style=\\\"font-weight: normal;\\\">Booking date<br><\\\/span><\\\/h4>\",\"container_class\":\"\",\"element_class\":\"\",\"field_label\":\"Varauksen ajankohta\",\"field_key\":\"varauksen_ajankohta_1606217578716\",\"drawerDisabled\":\"\",\"admin_label\":\"\",\"id\":32,\"beforeField\":\"\",\"afterField\":\"\",\"value\":\"<h4><span style=\\\"font-weight: normal;\\\">Booking date<br><\\\/span><\\\/h4>\",\"label_pos\":\"above\",\"parentType\":\"html\",\"element_templates\":[\"html\",\"input\"],\"old_classname\":\"\",\"wrap_template\":\"wrap\"},{\"objectType\":\"Field\",\"objectDomain\":\"fields\",\"editActive\":false,\"order\":10,\"idAttribute\":\"id\",\"label\":\"Starts\",\"key\":\"starts_1609242826529\",\"type\":\"date\",\"created_at\":\"2016-04-18 14:54:49\",\"label_pos\":\"above\",\"required\":1,\"container_class\":\"one-half\",\"element_class\":\"\",\"manual_key\":\"\",\"admin_label\":\"\",\"help_text\":\"\",\"desc_text\":\"\",\"desc_pos\":\"\",\"date_default\":\"\",\"date_format\":\"DD\\\/MM\\\/YYYY\",\"field_label\":\"Starts\",\"field_key\":\"starts_1609242826529\",\"placeholder\":\"\",\"year_range_start\":\"\",\"year_range_end\":\"\",\"drawerDisabled\":\"\",\"date_mode\":\"date_only\",\"hours_24\":0,\"minute_increment\":5,\"id\":30,\"beforeField\":\"\",\"afterField\":\"\",\"value\":\"\",\"parentType\":\"date\",\"element_templates\":[\"date\",\"textbox\",\"input\"],\"old_classname\":\"\",\"wrap_template\":\"wrap\"},{\"objectType\":\"Field\",\"objectDomain\":\"fields\",\"editActive\":false,\"order\":11,\"idAttribute\":\"id\",\"label\":\"Ends\",\"key\":\"ends_1609242831109\",\"type\":\"date\",\"created_at\":\"2016-04-18 14:54:49\",\"label_pos\":\"above\",\"required\":1,\"container_class\":\"one-half\",\"element_class\":\"\",\"manual_key\":\"\",\"admin_label\":\"\",\"help_text\":\"\",\"desc_text\":\"\",\"desc_pos\":\"\",\"date_default\":\"\",\"date_format\":\"DD\\\/MM\\\/YYYY\",\"field_label\":\"Ends\",\"field_key\":\"ends_1609242831109\",\"placeholder\":\"\",\"year_range_start\":\"\",\"year_range_end\":\"\",\"drawerDisabled\":\"\",\"date_mode\":\"date_only\",\"hours_24\":0,\"minute_increment\":5,\"id\":39,\"beforeField\":\"\",\"afterField\":\"\",\"value\":\"\",\"parentType\":\"date\",\"element_templates\":[\"date\",\"textbox\",\"input\"],\"old_classname\":\"\",\"wrap_template\":\"wrap\"},{\"objectType\":\"Field\",\"objectDomain\":\"fields\",\"editActive\":false,\"order\":12,\"idAttribute\":\"id\",\"label\":\"Message\",\"key\":\"message_1609242849120\",\"type\":\"textarea\",\"created_at\":\"2016-04-18 14:54:50\",\"label_pos\":\"above\",\"required\":0,\"placeholder\":\"\",\"default\":\"\",\"container_class\":\"\",\"element_class\":\"\",\"input_limit\":\"\",\"input_limit_type\":\"characters\",\"input_limit_message\":\"Character(s) left\",\"manual_key\":\"\",\"disable_input\":\"\",\"admin_label\":\"\",\"help_text\":\"\",\"desc_text\":\"\",\"desc_pos\":\"\",\"disable_browser_autocomplete\":\"\",\"textarea_rte\":\"\",\"disable_rte_mobile\":\"\",\"textarea_media\":\"\",\"field_label\":\"Message\",\"field_key\":\"message_1609242849120\",\"input_limit_msg\":\"Merkkej\\u00e4 j\\u00e4ljell\\u00e4\",\"value\":\"\",\"drawerDisabled\":\"\",\"id\":31,\"beforeField\":\"\",\"afterField\":\"\",\"parentType\":\"textarea\",\"element_templates\":[\"textarea\",\"input\"],\"old_classname\":\"\",\"wrap_template\":\"wrap\"},{\"objectType\":\"Field\",\"objectDomain\":\"fields\",\"editActive\":false,\"order\":13,\"idAttribute\":\"id\",\"label\":\"Send\",\"key\":\"send_1609243889286\",\"type\":\"submit\",\"created_at\":\"2016-04-18 14:54:51\",\"processing_label\":\"Loading...\",\"container_class\":\"\",\"element_class\":\"\",\"field_label\":\"L\\u00e4het\\u00e4\",\"field_key\":\"laheta_1606217644386\",\"drawerDisabled\":false,\"admin_label\":\"\",\"id\":28,\"beforeField\":\"\",\"afterField\":\"\",\"value\":\"\",\"label_pos\":\"above\",\"parentType\":\"textbox\",\"element_templates\":[\"submit\",\"button\",\"input\"],\"old_classname\":\"\",\"wrap_template\":\"wrap-no-label\"}];nfForms.push(form);<\/script>\n        \n","protected":false},"excerpt":{"rendered":"","protected":false},"author":1,"featured_media":0,"parent":0,"menu_order":0,"comment_status":"closed","ping_status":"closed","template":"","meta":{"_monsterinsights_skip_tracking":false,"_monsterinsights_sitenote_active":false,"_monsterinsights_sitenote_note":"","_monsterinsights_sitenote_category":0,"footnotes":""},"class_list":["post-343","page","type-page","status-publish","czr-hentry"],"_links":{"self":[{"href":"http:\/\/pyhakirnu.fi\/en\/wp-json\/wp\/v2\/pages\/343","targetHints":{"allow":["GET"]}}],"collection":[{"href":"http:\/\/pyhakirnu.fi\/en\/wp-json\/wp\/v2\/pages"}],"about":[{"href":"http:\/\/pyhakirnu.fi\/en\/wp-json\/wp\/v2\/types\/page"}],"author":[{"embeddable":true,"href":"http:\/\/pyhakirnu.fi\/en\/wp-json\/wp\/v2\/users\/1"}],"replies":[{"embeddable":true,"href":"http:\/\/pyhakirnu.fi\/en\/wp-json\/wp\/v2\/comments?post=343"}],"version-history":[{"count":5,"href":"http:\/\/pyhakirnu.fi\/en\/wp-json\/wp\/v2\/pages\/343\/revisions"}],"predecessor-version":[{"id":625,"href":"http:\/\/pyhakirnu.fi\/en\/wp-json\/wp\/v2\/pages\/343\/revisions\/625"}],"wp:attachment":[{"href":"http:\/\/pyhakirnu.fi\/en\/wp-json\/wp\/v2\/media?parent=343"}],"curies":[{"name":"wp","href":"https:\/\/api.w.org\/{rel}","templated":true}]}}