{"id":35,"date":"2020-07-30T15:27:04","date_gmt":"2020-07-30T12:27:04","guid":{"rendered":"http:\/\/www.pyhakirnu.fi\/uudet\/en\/?page_id=35"},"modified":"2025-03-13T13:00:41","modified_gmt":"2025-03-13T11:00:41","slug":"sijainti","status":"publish","type":"page","link":"http:\/\/pyhakirnu.fi\/en\/sijainti\/","title":{"rendered":"Location"},"content":{"rendered":"<div class=\"wp-block-image\">\n<figure class=\"alignright size-large is-resized\"><a href=\"http:\/\/pyhakirnu.fi\/en\/wp-content\/uploads\/sites\/2\/2020\/12\/Sijainti_EN.jpg\"><img loading=\"lazy\" decoding=\"async\" width=\"1000\" height=\"732\" src=\"http:\/\/pyhakirnu.fi\/en\/wp-content\/uploads\/sites\/2\/2020\/12\/Sijainti_EN.jpg\" alt=\"\" class=\"wp-image-577\" style=\"aspect-ratio:1.3659217877094971;width:443px;height:auto\" srcset=\"http:\/\/pyhakirnu.fi\/en\/wp-content\/uploads\/sites\/2\/2020\/12\/Sijainti_EN.jpg 1000w, http:\/\/pyhakirnu.fi\/en\/wp-content\/uploads\/sites\/2\/2020\/12\/Sijainti_EN-300x220.jpg 300w, http:\/\/pyhakirnu.fi\/en\/wp-content\/uploads\/sites\/2\/2020\/12\/Sijainti_EN-768x562.jpg 768w, http:\/\/pyhakirnu.fi\/en\/wp-content\/uploads\/sites\/2\/2020\/12\/Sijainti_EN-570x417.jpg 570w, http:\/\/pyhakirnu.fi\/en\/wp-content\/uploads\/sites\/2\/2020\/12\/Sijainti_EN-24x18.jpg 24w, http:\/\/pyhakirnu.fi\/en\/wp-content\/uploads\/sites\/2\/2020\/12\/Sijainti_EN-36x26.jpg 36w, http:\/\/pyhakirnu.fi\/en\/wp-content\/uploads\/sites\/2\/2020\/12\/Sijainti_EN-48x35.jpg 48w\" sizes=\"auto, (max-width: 1000px) 100vw, 1000px\" \/><\/a><\/figure>\n<\/div>\n\n\n<h2 class=\"wp-block-heading\">Cottage<\/h2>\n\n\n\n<p>Kirnutie 1, 98530 Pyh\u00e4tunturi (Pelkosenniemi)<\/p>\n\n\n\n<ul class=\"wp-block-list\">\n<li>to slope   450 m<\/li>\n\n\n\n<li>to ski track   250 m<\/li>\n\n\n\n<li>to market   850 m<\/li>\n\n\n\n<li>to sledge hill   250 m<\/li>\n\n\n\n<li>to national park   1 km<\/li>\n\n\n\n<li>to market   400 m<br><\/li>\n<\/ul>\n\n\n\n<p><\/p>\n\n\n<div class=\"wp-block-image\">\n<figure class=\"alignright size-large is-resized\"><a href=\"http:\/\/pyhakirnu.fi\/en\/wp-content\/uploads\/sites\/2\/2020\/12\/Kartta_Pyha\u0308.jpg\"><img loading=\"lazy\" decoding=\"async\" width=\"723\" height=\"1024\" src=\"http:\/\/pyhakirnu.fi\/en\/wp-content\/uploads\/sites\/2\/2020\/12\/Kartta_Pyha\u0308-723x1024.jpg\" alt=\"\" class=\"wp-image-580\" style=\"aspect-ratio:0.7065026362038664;width:366px;height:auto\" srcset=\"http:\/\/pyhakirnu.fi\/en\/wp-content\/uploads\/sites\/2\/2020\/12\/Kartta_Pyha\u0308-723x1024.jpg 723w, http:\/\/pyhakirnu.fi\/en\/wp-content\/uploads\/sites\/2\/2020\/12\/Kartta_Pyha\u0308-212x300.jpg 212w, http:\/\/pyhakirnu.fi\/en\/wp-content\/uploads\/sites\/2\/2020\/12\/Kartta_Pyha\u0308-768x1087.jpg 768w, http:\/\/pyhakirnu.fi\/en\/wp-content\/uploads\/sites\/2\/2020\/12\/Kartta_Pyha\u0308-570x807.jpg 570w, http:\/\/pyhakirnu.fi\/en\/wp-content\/uploads\/sites\/2\/2020\/12\/Kartta_Pyha\u0308-17x24.jpg 17w, http:\/\/pyhakirnu.fi\/en\/wp-content\/uploads\/sites\/2\/2020\/12\/Kartta_Pyha\u0308-25x36.jpg 25w, http:\/\/pyhakirnu.fi\/en\/wp-content\/uploads\/sites\/2\/2020\/12\/Kartta_Pyha\u0308-34x48.jpg 34w, http:\/\/pyhakirnu.fi\/en\/wp-content\/uploads\/sites\/2\/2020\/12\/Kartta_Pyha\u0308.jpg 900w\" sizes=\"auto, (max-width: 723px) 100vw, 723px\" \/><\/a><\/figure>\n<\/div>\n\n\n<p>Pyh\u00e4 ski resort is within easy reach from both the airport and the train station. SkiBus services are provided to Pyh\u00e4 from the nearby city of Rovaniemi and the train station of Kemij\u00e4rvi.<\/p>\n\n\n\n<p>To railway station 47 km (Kemij\u00e4rvi)<br>To airport 140 km (Rovaniemi)<br>To the Arctic Circle 129 km (Rovaniemi)<br>To Helsinki 945 km<br>To Oulu 338 km<br>To Kuopio 610 km<br>To Tampere 825 km<\/p>\n","protected":false},"excerpt":{"rendered":"<p>Cottage Kirnutie 1, 98530 Pyh\u00e4tunturi (Pelkosenniemi) Pyh\u00e4 ski resort is within easy reach from both the airport and the train station. SkiBus services are provided to Pyh\u00e4 from the nearby city of Rovaniemi and the train station of Kemij\u00e4rvi. To railway station 47 km (Kemij\u00e4rvi)To airport 140 km (Rovaniemi)To the Arctic Circle 129 km (Rovaniemi)To [&hellip;]<\/p>\n","protected":false},"author":1,"featured_media":0,"parent":0,"menu_order":0,"comment_status":"closed","ping_status":"closed","template":"","meta":{"_monsterinsights_skip_tracking":false,"_monsterinsights_sitenote_active":false,"_monsterinsights_sitenote_note":"","_monsterinsights_sitenote_category":0,"footnotes":""},"class_list":["post-35","page","type-page","status-publish","czr-hentry"],"_links":{"self":[{"href":"http:\/\/pyhakirnu.fi\/en\/wp-json\/wp\/v2\/pages\/35","targetHints":{"allow":["GET"]}}],"collection":[{"href":"http:\/\/pyhakirnu.fi\/en\/wp-json\/wp\/v2\/pages"}],"about":[{"href":"http:\/\/pyhakirnu.fi\/en\/wp-json\/wp\/v2\/types\/page"}],"author":[{"embeddable":true,"href":"http:\/\/pyhakirnu.fi\/en\/wp-json\/wp\/v2\/users\/1"}],"replies":[{"embeddable":true,"href":"http:\/\/pyhakirnu.fi\/en\/wp-json\/wp\/v2\/comments?post=35"}],"version-history":[{"count":23,"href":"http:\/\/pyhakirnu.fi\/en\/wp-json\/wp\/v2\/pages\/35\/revisions"}],"predecessor-version":[{"id":718,"href":"http:\/\/pyhakirnu.fi\/en\/wp-json\/wp\/v2\/pages\/35\/revisions\/718"}],"wp:attachment":[{"href":"http:\/\/pyhakirnu.fi\/en\/wp-json\/wp\/v2\/media?parent=35"}],"curies":[{"name":"wp","href":"https:\/\/api.w.org\/{rel}","templated":true}]}}